{"id":32434,"date":"2025-04-21T16:36:03","date_gmt":"2025-04-21T14:36:03","guid":{"rendered":"https:\/\/www.graswurzel.net\/gwr\/?post_type=product&#038;p=32434"},"modified":"2026-01-30T20:11:01","modified_gmt":"2026-01-30T18:11:01","slug":"hell-no-we-wont-go","status":"publish","type":"product","link":"https:\/\/www.graswurzel.net\/gwr\/produkt\/hell-no-we-wont-go\/","title":{"rendered":"\u201eHell no, we won\u2019t go!\u201c"},"content":{"rendered":"<p>Lou Marin (Hg.)<\/p>\n<p><strong>\u201eHell no, we won\u2019t go!\u201c<\/strong><\/p>\n<p>50 Jahre nach dem Ende des Vietnamkriegs: Der antimilitaristische Widerstand in der US-Armee\u00a0 und der US-Zivilgesellschaft<\/p>\n<p>Reihe \u201eAuf den Punkt\u201c<\/p>\n<p>82 S. | 13,90 Euro | ISBN 978-3-939045-58-8<\/p>\n<p>Am 30. April 1975, vor genau 50 Jahren, endete der Vietnamkrieg, den die US-Interventionsarmee seit 1959 gef\u00fchrt hatte. Die These dieses -Buches ist, dass der US-Krieg in Vietnam zu einem gro\u00dfen Teil durch massenhaften antimilitaristischen Widerstand im Innern der USA selbst sowie im Innern der US-Armee beendet worden ist. Berichtet wird \u00fcber das Ausma\u00df von Desertion, Kriegsdienstverweigerung, Sabotage- und direkten Aktionen. Erinnert wird an die Brutalit\u00e4t der US-Kriegsf\u00fchrung. Beschrieben werden gewaltfreie direkte Aktionen, mit denen zum Beispiel das Auslaufen von US-Kriegsschiffen behindert wurde. Au\u00dferdem wird der Widerstand innerhalb der US-Armee in Vietnam dargestellt und die zivilgesellschaftliche Massenbewegung gegen die Rekrutierungen geschildert, die Pr\u00e4sident Nixon zu einer Reduzierung der US-amerikanischen Truppen und schlie\u00dflich zur Aufgabe der finanziellen und materiellen Unterst\u00fctzung des s\u00fcdvietnamesischen Marionettenregimes durch die USA zwang.<\/p>\n<p>&nbsp;<\/p>\n<p>&nbsp;<\/p>\n","protected":false},"excerpt":{"rendered":"<p>Am 30. April 1975, vor genau 50 Jahren, endete der Vietnamkrieg. Die These dieses Buches ist, dass der US-Krieg in Vietnam zu einem gro\u00dfen Teil durch massenhaften antimilitaristischen Widerstand im Innern der USA selbst sowie im Innern der US-Armee beendet worden ist. Berichtet wird \u00fcber das Ausma\u00df von Desertion, Kriegsdienstverweigerung, Sabotage- und direkten Aktionen. Der Widerstand innerhalb der US-Armee in Vietnam und die zivilgesellschaftliche Massenbewegung gegen die Rekrutierung neuer Soldaten zwangen Pr\u00e4sident Nixon dazu, die US-amerikanischen Truppen zu reduzieren und schlie\u00dflich die finanzielle und materielle Unterst\u00fctzung des s\u00fcdvietnamesischen Marionettenregimes aufzugeben.<\/p>\n","protected":false},"featured_media":32756,"template":"","meta":{"slim_seo":{"title":"\u201eHell no, we won\u2019t go!\u201c - graswurzelrevolution","description":"Am 30. April 1975, vor genau 50 Jahren, endete der Vietnamkrieg. Die These dieses Buches ist, dass der US-Krieg in Vietnam zu einem gro\u00dfen Teil durch massenhaft"}},"product_brand":[],"product_cat":[923],"product_tag":[],"class_list":{"0":"post-32434","1":"product","2":"type-product","3":"status-publish","4":"has-post-thumbnail","6":"product_cat-buchverlag","8":"first","9":"instock","10":"featured","11":"taxable","12":"shipping-taxable","13":"purchasable","14":"product-type-simple"},"_links":{"self":[{"href":"https:\/\/www.graswurzel.net\/gwr\/wp-json\/wp\/v2\/product\/32434","targetHints":{"allow":["GET"]}}],"collection":[{"href":"https:\/\/www.graswurzel.net\/gwr\/wp-json\/wp\/v2\/product"}],"about":[{"href":"https:\/\/www.graswurzel.net\/gwr\/wp-json\/wp\/v2\/types\/product"}],"wp:featuredmedia":[{"embeddable":true,"href":"https:\/\/www.graswurzel.net\/gwr\/wp-json\/wp\/v2\/media\/32756"}],"wp:attachment":[{"href":"https:\/\/www.graswurzel.net\/gwr\/wp-json\/wp\/v2\/media?parent=32434"}],"wp:term":[{"taxonomy":"product_brand","embeddable":true,"href":"https:\/\/www.graswurzel.net\/gwr\/wp-json\/wp\/v2\/product_brand?post=32434"},{"taxonomy":"product_cat","embeddable":true,"href":"https:\/\/www.graswurzel.net\/gwr\/wp-json\/wp\/v2\/product_cat?post=32434"},{"taxonomy":"product_tag","embeddable":true,"href":"https:\/\/www.graswurzel.net\/gwr\/wp-json\/wp\/v2\/product_tag?post=32434"}],"curies":[{"name":"wp","href":"https:\/\/api.w.org\/{rel}","templated":true}]}}