{"id":33497,"date":"2025-08-22T18:00:06","date_gmt":"2025-08-22T16:00:06","guid":{"rendered":"https:\/\/www.graswurzel.net\/gwr\/?post_type=product&#038;p=33497"},"modified":"2026-03-08T12:39:34","modified_gmt":"2026-03-08T10:39:34","slug":"anarchistisches-recht","status":"publish","type":"product","link":"https:\/\/www.graswurzel.net\/gwr\/produkt\/anarchistisches-recht\/","title":{"rendered":"Anarchistisches Recht"},"content":{"rendered":"<p style=\"font-weight: 400\">Thom Holterman (Hg.)<\/p>\n<p style=\"font-weight: 400\"><strong>Anarchistisches Recht<\/strong><\/p>\n<p style=\"font-weight: 400\">Quellen, Autonomie, Pluralismus, F\u00f6deralismus, Gerechtigkeit<\/p>\n<p style=\"font-weight: 400\"><strong><span style=\"color: #ff0000\">Soeben erschienen.<\/span><\/strong><\/p>\n<p style=\"font-weight: 400\">128 Seiten | 14,90 Euro | ISBN 978-3-939045-60-1<\/p>\n<p style=\"font-weight: 400\">Der Anarchismus bietet eine hervorragende Grundlage fu\u0308r eine prinzipielle Rechtskritik. Dies schlie\u00dft jedoch nicht aus, dass auch eine andere Art des Denkens u\u0308ber Recht m\u00f6glich ist. Die \u201epositive Anarchie\u201c beinhaltet ein Gesellschaftsbild ohne unterdru\u0308ckende Macht und stu\u0308tzt sich auf Ordnung, Dynamik, Rationalit\u00e4t sowie Mutualismus und F\u00f6deralismus. Dieses Konzept l\u00e4sst sich mithilfe des Rechts n\u00e4her ausarbeiten. Der Gedanke findet sich bereits bei Proudhon, Kropotkin und Bakunin, vor allem aber bei der niederl\u00e4ndischen libert\u00e4ren Juristin Clara Meijer-Wichmann, die vor u\u0308ber einem Jahrhundert ihre Sichtweise zum Strafrecht entwickelte.<\/p>\n<p>&nbsp;<\/p>\n","protected":false},"excerpt":{"rendered":"<p><strong><span style=\"color: #ff0000\">Soeben erschienen.<\/span><\/strong><\/p>\n<p style=\"font-weight: 400\">Der Anarchismus bietet eine hervorragende Grundlage fu\u0308r eine prinzipielle Rechtskritik. Dies schlie\u00dft jedoch nicht aus, dass auch eine andere Art des Denkens u\u0308ber Recht m\u00f6glich ist. Die \u201epositive Anarchie\u201c beinhaltet ein Gesellschaftsbild ohne unterdru\u0308ckende Macht und stu\u0308tzt sich auf Ordnung, Dynamik, Rationalit\u00e4t sowie Mutualismus und F\u00f6deralismus.<\/p>\n","protected":false},"featured_media":33789,"template":"","meta":{"slim_seo":{"title":"Anarchistisches Recht - graswurzelrevolution","description":"Soeben erschienen. Der Anarchismus bietet eine hervorragende Grundlage fu\u0308r eine prinzipielle Rechtskritik. Dies schlie\u00dft jedoch nicht aus, dass auch eine ander"}},"product_brand":[],"product_cat":[923],"product_tag":[],"class_list":{"0":"post-33497","1":"product","2":"type-product","3":"status-publish","4":"has-post-thumbnail","6":"product_cat-buchverlag","8":"first","9":"instock","10":"featured","11":"taxable","12":"shipping-taxable","13":"purchasable","14":"product-type-simple"},"_links":{"self":[{"href":"https:\/\/www.graswurzel.net\/gwr\/wp-json\/wp\/v2\/product\/33497","targetHints":{"allow":["GET"]}}],"collection":[{"href":"https:\/\/www.graswurzel.net\/gwr\/wp-json\/wp\/v2\/product"}],"about":[{"href":"https:\/\/www.graswurzel.net\/gwr\/wp-json\/wp\/v2\/types\/product"}],"wp:featuredmedia":[{"embeddable":true,"href":"https:\/\/www.graswurzel.net\/gwr\/wp-json\/wp\/v2\/media\/33789"}],"wp:attachment":[{"href":"https:\/\/www.graswurzel.net\/gwr\/wp-json\/wp\/v2\/media?parent=33497"}],"wp:term":[{"taxonomy":"product_brand","embeddable":true,"href":"https:\/\/www.graswurzel.net\/gwr\/wp-json\/wp\/v2\/product_brand?post=33497"},{"taxonomy":"product_cat","embeddable":true,"href":"https:\/\/www.graswurzel.net\/gwr\/wp-json\/wp\/v2\/product_cat?post=33497"},{"taxonomy":"product_tag","embeddable":true,"href":"https:\/\/www.graswurzel.net\/gwr\/wp-json\/wp\/v2\/product_tag?post=33497"}],"curies":[{"name":"wp","href":"https:\/\/api.w.org\/{rel}","templated":true}]}}